{"id":127,"date":"2024-07-29T19:39:44","date_gmt":"2024-07-29T19:39:44","guid":{"rendered":"https:\/\/cafe-kind.cologne\/?page_id=127"},"modified":"2024-07-29T21:29:06","modified_gmt":"2024-07-29T21:29:06","slug":"impressum","status":"publish","type":"page","link":"https:\/\/cafe-kind.cologne\/index.php\/impressum\/","title":{"rendered":"IMPRESSUM"},"content":{"rendered":"\n<p>Cafe Kind &#8211; W &amp; F Caf\u00e9 GmbH<\/p>\n\n\n\n<p>Waldecker Stra\u00dfe 35<br>51065 K\u00f6ln-Buchforst<\/p>\n\n\n\n<p><em>Rechtsform: GmbH <\/em><br><em>Registerart:\u00a0<\/em>Handelsregister<br><em>Registergericht:\u00a0<\/em>Amtsgericht K\u00f6ln<br><em>Registernummer:\u00a0<\/em>HRA <br><em>Umsatzsteuer ID:\u00a0<\/em><\/p>\n\n\n\n<p><em>Telefon:<\/em>\u00a0+49 (0)\u00a0221 9387923<br><em>Internet:<\/em>\u00a0<a href=\"https:\/\/www.cafe-kind.cologne\">www.cafe-kind.cologne<\/a><br><em>E-Mail:<\/em>\u00a0<a href=\"mailto:info@cafe-kind.cologne\">info@cafe-kind.cologne<\/a><\/p>\n\n\n\n<p><em>Inhaltlich Verantwortliche:<br><\/em>Jakub &amp; Lea Fejzic ,\u00a0Gesch\u00e4ftsf\u00fchrer<\/p>\n","protected":false},"excerpt":{"rendered":"<p>Cafe Kind &#8211; W &amp; F Caf\u00e9 GmbH Waldecker Stra\u00dfe 3551065 K\u00f6ln-Buchforst Rechtsform: GmbH Registerart:\u00a0HandelsregisterRegistergericht:\u00a0Amtsgericht K\u00f6lnRegisternummer:\u00a0HRA Umsatzsteuer ID:\u00a0 Telefon:\u00a0+49 (0)\u00a0221 9387923Internet:\u00a0www.cafe-kind.cologneE-Mail:\u00a0info@cafe-kind.cologne Inhaltlich Verantwortliche:Jakub &amp; Lea Fejzic ,\u00a0Gesch\u00e4ftsf\u00fchrer<\/p>\n","protected":false},"author":1,"featured_media":0,"parent":0,"menu_order":8,"comment_status":"closed","ping_status":"closed","template":"","meta":{"_kadence_starter_templates_imported_post":false,"_kad_post_transparent":"","_kad_post_title":"","_kad_post_layout":"","_kad_post_sidebar_id":"","_kad_post_content_style":"","_kad_post_vertical_padding":"","_kad_post_feature":"","_kad_post_feature_position":"","_kad_post_header":false,"_kad_post_footer":false,"footnotes":""},"class_list":["post-127","page","type-page","status-publish","hentry"],"_links":{"self":[{"href":"https:\/\/cafe-kind.cologne\/index.php\/wp-json\/wp\/v2\/pages\/127","targetHints":{"allow":["GET"]}}],"collection":[{"href":"https:\/\/cafe-kind.cologne\/index.php\/wp-json\/wp\/v2\/pages"}],"about":[{"href":"https:\/\/cafe-kind.cologne\/index.php\/wp-json\/wp\/v2\/types\/page"}],"author":[{"embeddable":true,"href":"https:\/\/cafe-kind.cologne\/index.php\/wp-json\/wp\/v2\/users\/1"}],"replies":[{"embeddable":true,"href":"https:\/\/cafe-kind.cologne\/index.php\/wp-json\/wp\/v2\/comments?post=127"}],"version-history":[{"count":4,"href":"https:\/\/cafe-kind.cologne\/index.php\/wp-json\/wp\/v2\/pages\/127\/revisions"}],"predecessor-version":[{"id":158,"href":"https:\/\/cafe-kind.cologne\/index.php\/wp-json\/wp\/v2\/pages\/127\/revisions\/158"}],"wp:attachment":[{"href":"https:\/\/cafe-kind.cologne\/index.php\/wp-json\/wp\/v2\/media?parent=127"}],"curies":[{"name":"wp","href":"https:\/\/api.w.org\/{rel}","templated":true}]}}